{"id":12,"date":"2024-12-02T15:55:16","date_gmt":"2024-12-02T15:55:16","guid":{"rendered":"https:\/\/www.r4software.it\/wordpress\/?page_id=12"},"modified":"2024-12-09T15:49:31","modified_gmt":"2024-12-09T15:49:31","slug":"grafica-web","status":"publish","type":"page","link":"https:\/\/new.r4software.it\/?page_id=12","title":{"rendered":"Grafica Web"},"content":{"rendered":"\n<div class=\"wp-block-cover alignfull is-light\" style=\"min-height:800px;aspect-ratio:unset;\"><span aria-hidden=\"true\" class=\"wp-block-cover__background has-link-color-background-color has-background-dim\"><\/span><img loading=\"lazy\" decoding=\"async\" width=\"1200\" height=\"800\" class=\"wp-block-cover__image-background wp-image-155\" alt=\"\" src=\"https:\/\/new.r4software.it\/wp-content\/uploads\/2024\/12\/freepik-export-20241209082852I9PU.jpeg\" data-object-fit=\"cover\" srcset=\"https:\/\/new.r4software.it\/wp-content\/uploads\/2024\/12\/freepik-export-20241209082852I9PU.jpeg 1200w, https:\/\/new.r4software.it\/wp-content\/uploads\/2024\/12\/freepik-export-20241209082852I9PU-300x200.jpeg 300w, https:\/\/new.r4software.it\/wp-content\/uploads\/2024\/12\/freepik-export-20241209082852I9PU-1024x683.jpeg 1024w, https:\/\/new.r4software.it\/wp-content\/uploads\/2024\/12\/freepik-export-20241209082852I9PU-768x512.jpeg 768w\" sizes=\"auto, (max-width: 1200px) 100vw, 1200px\" \/><div class=\"wp-block-cover__inner-container is-layout-constrained wp-block-cover-is-layout-constrained\">\n<p class=\"has-text-align-center has-xx-large-font-size\"><strong>GRAFICA WEB<\/strong><\/p>\n<\/div><\/div>\n\n\n\n<hr class=\"wp-block-separator has-text-color has-link-color-color has-alpha-channel-opacity has-link-color-background-color has-background\" style=\"margin-top:var(--wp--preset--spacing--40);margin-bottom:var(--wp--preset--spacing--40)\"\/>\n\n\n\n<h2 class=\"wp-block-heading has-text-align-center has-large-font-size\" style=\"text-transform:uppercase\"><strong><mark style=\"background-color:rgba(0, 0, 0, 0)\" class=\"has-inline-color has-link-color-color\">L<\/mark>a <mark style=\"background-color:rgba(0, 0, 0, 0)\" class=\"has-inline-color has-link-color-color\">t<\/mark>ua <mark style=\"background-color:rgba(0, 0, 0, 0)\" class=\"has-inline-color has-link-color-color\">v<\/mark>isione, <mark style=\"background-color:rgba(0, 0, 0, 0)\" class=\"has-inline-color has-link-color-color\">l<\/mark>a <mark style=\"background-color:rgba(0, 0, 0, 0)\" class=\"has-inline-color has-link-color-color\">n<\/mark>ostra <mark style=\"background-color:rgba(0, 0, 0, 0)\" class=\"has-inline-color has-link-color-color\">c<\/mark>reativit\u00e0.<\/strong><\/h2>\n\n\n\n<hr class=\"wp-block-separator has-text-color has-link-color-color has-alpha-channel-opacity has-link-color-background-color has-background\" style=\"margin-top:var(--wp--preset--spacing--40);margin-bottom:var(--wp--preset--spacing--40)\"\/>\n\n\n\n<div class=\"wp-block-group alignwide fade has-border-color has-white-background-color has-background is-layout-constrained wp-container-core-group-is-layout-da4f2bcd wp-block-group-is-layout-constrained\" style=\"border-color:#4766ff;border-width:2px;border-radius:30px;padding-top:var(--wp--preset--spacing--60);padding-right:var(--wp--preset--spacing--60);padding-bottom:var(--wp--preset--spacing--60);padding-left:var(--wp--preset--spacing--60)\">\n<div class=\"wp-block-media-text alignwide is-stacked-on-mobile\" style=\"grid-template-columns:39% auto\"><figure class=\"wp-block-media-text__media\"><img loading=\"lazy\" decoding=\"async\" width=\"844\" height=\"800\" src=\"https:\/\/new.r4software.it\/wp-content\/uploads\/2024\/12\/freepik-export-20241209084935k8c0.jpeg\" alt=\"\" class=\"wp-image-157 size-full\" srcset=\"https:\/\/new.r4software.it\/wp-content\/uploads\/2024\/12\/freepik-export-20241209084935k8c0.jpeg 844w, https:\/\/new.r4software.it\/wp-content\/uploads\/2024\/12\/freepik-export-20241209084935k8c0-300x284.jpeg 300w, https:\/\/new.r4software.it\/wp-content\/uploads\/2024\/12\/freepik-export-20241209084935k8c0-768x728.jpeg 768w\" sizes=\"auto, (max-width: 844px) 100vw, 844px\" \/><\/figure><div class=\"wp-block-media-text__content\">\n<h2 class=\"wp-block-heading\" style=\"text-transform:uppercase\"><strong><mark style=\"background-color:rgba(0, 0, 0, 0)\" class=\"has-inline-color has-link-color-color\">G<\/mark>RAFICHE <mark style=\"background-color:rgba(0, 0, 0, 0)\" class=\"has-inline-color has-link-color-color\">W<\/mark>EB<\/strong><\/h2>\n\n\n\n<p>Il design \u00e8 l&#8217;anima di ogni progetto.&nbsp;<\/p>\n\n\n\n<p>Dal web design ai loghi, dai bigliettini ai men\u00f9 e ai contenuti per i social media, ogni elemento grafico che realizziamo \u00e8 una dichiarazione della nostra passione per l&#8217;estetica e la funzionalit\u00e0.&nbsp;<\/p>\n\n\n\n<p>Ascoltiamo e interpretiamo la tua visione in design accattivanti che comunicano il tuo marchio\/brand al mondo.<\/p>\n\n\n\n<p>La soddisfazione e la felicit\u00e0 dei nostri clienti sono la vera misura del nostro successo.<\/p>\n<\/div><\/div>\n<\/div>\n\n\n\n<hr class=\"wp-block-separator has-text-color has-link-color-color has-alpha-channel-opacity has-link-color-background-color has-background\" style=\"margin-top:var(--wp--preset--spacing--50);margin-bottom:var(--wp--preset--spacing--50)\"\/>\n\n\n\n<h2 class=\"wp-block-heading has-text-align-center has-x-large-font-size\"><mark style=\"background-color:rgba(0, 0, 0, 0)\" class=\"has-inline-color has-link-color-color\">F<\/mark>ASI <mark style=\"background-color:rgba(0, 0, 0, 0)\" class=\"has-inline-color has-link-color-color\">C<\/mark>REAZIONE<\/h2>\n\n\n\n<hr class=\"wp-block-separator has-text-color has-link-color-color has-alpha-channel-opacity has-link-color-background-color has-background\" style=\"margin-top:var(--wp--preset--spacing--50);margin-bottom:var(--wp--preset--spacing--50)\"\/>\n\n\n\n<div class=\"wp-block-ab-animate\" data-scroll-class=\"jackInTheBox\" style=\"animation-duration:3s\">\n<div class=\"wp-block-group alignfull is-layout-constrained wp-container-core-group-is-layout-24567ffd wp-block-group-is-layout-constrained\" style=\"padding-top:var(--wp--preset--spacing--40);padding-right:var(--wp--preset--spacing--40);padding-bottom:var(--wp--preset--spacing--40);padding-left:var(--wp--preset--spacing--40)\">\n<div class=\"wp-block-columns alignwide is-layout-flex wp-container-core-columns-is-layout-7fc3d43a wp-block-columns-is-layout-flex\">\n<div class=\"wp-block-column has-border-color has-white-background-color has-background is-layout-flow wp-block-column-is-layout-flow\" style=\"border-color:#4766ff;border-width:2px;border-radius:30px;padding-top:var(--wp--preset--spacing--40);padding-right:var(--wp--preset--spacing--40);padding-bottom:var(--wp--preset--spacing--40);padding-left:var(--wp--preset--spacing--40)\">\n<figure class=\"wp-block-image aligncenter size-full\"><img loading=\"lazy\" decoding=\"async\" width=\"100\" height=\"100\" src=\"https:\/\/new.r4software.it\/wp-content\/uploads\/2024\/12\/Checklist.png\" alt=\"\" class=\"wp-image-158\"\/><\/figure>\n\n\n\n<h2 class=\"wp-block-heading has-text-align-center has-medium-font-size\" style=\"margin-top:var(--wp--preset--spacing--40)\"><strong><mark style=\"background-color:rgba(0, 0, 0, 0)\" class=\"has-inline-color has-link-color-color\">P<\/mark>IANIFICAZIONE<\/strong><\/h2>\n\n\n\n<p><strong>Wireframe e sitemap:<\/strong> Creare una struttura del sito (sitemap) e layout di base (wireframe) per visualizzare l&#8217;organizzazione dei contenuti.<\/p>\n\n\n\n<p><strong>Storyboard:<\/strong> Pianificare l&#8217;esperienza utente e il flusso di navigazione.<\/p>\n<\/div>\n\n\n\n<div class=\"wp-block-column has-border-color has-white-background-color has-background is-layout-flow wp-block-column-is-layout-flow\" style=\"border-color:#4766ff;border-width:2px;border-radius:30px;padding-top:var(--wp--preset--spacing--40);padding-right:var(--wp--preset--spacing--40);padding-bottom:var(--wp--preset--spacing--40);padding-left:var(--wp--preset--spacing--40)\">\n<figure class=\"wp-block-image aligncenter size-full\"><img loading=\"lazy\" decoding=\"async\" width=\"100\" height=\"100\" src=\"https:\/\/new.r4software.it\/wp-content\/uploads\/2024\/12\/icons8-Pencil-and-ruler-100.png\" alt=\"\" class=\"wp-image-159\"\/><\/figure>\n\n\n\n<h2 class=\"wp-block-heading has-text-align-center has-medium-font-size\" style=\"margin-top:var(--wp--preset--spacing--40)\"><strong><mark style=\"background-color:rgba(0, 0, 0, 0)\" class=\"has-inline-color has-link-color-color\">D<\/mark>ESIGN <mark style=\"background-color:rgba(0, 0, 0, 0)\" class=\"has-inline-color has-link-color-color\">V<\/mark>ISIVO<\/strong><\/h2>\n\n\n\n<p><strong>Moodboard:<\/strong> Raccogliere ispirazioni visive, colori, tipografie e stili che rappresentano l&#8217;identit\u00e0 del brand.<\/p>\n\n\n\n<p><strong>Mockup:<\/strong> Creare prototipi ad alta fedelt\u00e0 delle principali pagine del sito.<\/p>\n\n\n\n<p><strong>Scelta della palette colori e tipografia:<\/strong> Selezionare colori e font che rispecchiano il brand e garantiscono leggibilit\u00e0.<\/p>\n<\/div>\n\n\n\n<div class=\"wp-block-column has-border-color has-white-background-color has-background is-layout-flow wp-block-column-is-layout-flow\" style=\"border-color:#4766ff;border-width:2px;border-radius:30px;padding-top:var(--wp--preset--spacing--40);padding-right:var(--wp--preset--spacing--40);padding-bottom:var(--wp--preset--spacing--40);padding-left:var(--wp--preset--spacing--40)\">\n<figure class=\"wp-block-image aligncenter size-full\"><img loading=\"lazy\" decoding=\"async\" width=\"100\" height=\"100\" src=\"https:\/\/new.r4software.it\/wp-content\/uploads\/2024\/12\/Code-1.png\" alt=\"\" class=\"wp-image-133\"\/><\/figure>\n\n\n\n<h2 class=\"wp-block-heading has-text-align-center has-medium-font-size\" style=\"margin-top:var(--wp--preset--spacing--40);margin-bottom:var(--wp--preset--spacing--40)\"><strong><mark style=\"background-color:rgba(0, 0, 0, 0)\" class=\"has-inline-color has-link-color-color\">S<\/mark>VILUPPO<\/strong><\/h2>\n\n\n\n<p><strong>HTML\/CSS\/JS:<\/strong> Convertire i design in codice utilizzando HTML per la struttura, CSS per lo stile e JavaScript per le interazioni.<\/p>\n\n\n\n<p><strong>Framework e CMS:<\/strong> Utilizzare framework come Bootstrap o CMS come WordPress per accelerare lo sviluppo e facilitare la gestione dei contenuti.<\/p>\n\n\n\n<p><strong>Responsive design:<\/strong> Assicurarsi che il sito sia ottimizzato per dispositivi mobili, tablet e desktop.<\/p>\n<\/div>\n\n\n\n<div class=\"wp-block-column has-border-color has-white-background-color has-background is-layout-flow wp-block-column-is-layout-flow\" style=\"border-color:#4766ff;border-width:2px;border-radius:30px;padding-top:var(--wp--preset--spacing--40);padding-right:var(--wp--preset--spacing--40);padding-bottom:var(--wp--preset--spacing--40);padding-left:var(--wp--preset--spacing--40)\">\n<figure class=\"wp-block-image aligncenter size-full\"><img loading=\"lazy\" decoding=\"async\" width=\"100\" height=\"100\" src=\"https:\/\/new.r4software.it\/wp-content\/uploads\/2024\/12\/Rocket.png\" alt=\"\" class=\"wp-image-160\"\/><\/figure>\n\n\n\n<h2 class=\"wp-block-heading has-text-align-center has-medium-font-size\" style=\"margin-top:var(--wp--preset--spacing--40);margin-bottom:var(--wp--preset--spacing--40)\"><strong><mark style=\"background-color:rgba(0, 0, 0, 0)\" class=\"has-inline-color has-link-color-color\">L<\/mark>ANCIO<\/strong><\/h2>\n\n\n\n<p><strong>Revisione finale:<\/strong> Controllare tutti gli elementi del sito per garantire che tutto sia in ordine.<\/p>\n\n\n\n<p><strong>Deploy:<\/strong> Caricare il sito sul server di produzione e configurare il dominio.<\/p>\n\n\n\n<p><strong>Backup:<\/strong> Assicurarsi di avere una copia di backup del sito.<\/p>\n<\/div>\n<\/div>\n<\/div>\n<\/div>\n\n\n\n<hr class=\"wp-block-separator has-text-color has-link-color-color has-alpha-channel-opacity has-link-color-background-color has-background\" style=\"margin-top:var(--wp--preset--spacing--50);margin-bottom:var(--wp--preset--spacing--50)\"\/>\n\n\n\n<h2 class=\"wp-block-heading has-text-align-center has-x-large-font-size\"><mark style=\"background-color:rgba(0, 0, 0, 0)\" class=\"has-inline-color has-link-color-color\">P<\/mark>ROGETTI<\/h2>\n\n\n\n<hr class=\"wp-block-separator has-text-color has-link-color-color has-alpha-channel-opacity has-link-color-background-color has-background\" style=\"margin-top:var(--wp--preset--spacing--50);margin-bottom:var(--wp--preset--spacing--50)\"\/>\n\n\n\n<div class=\"wp-block-group alignfull is-layout-grid wp-container-core-group-is-layout-46c93ac4 wp-block-group-is-layout-grid\" style=\"padding-right:var(--wp--preset--spacing--50);padding-left:var(--wp--preset--spacing--50)\">\n<div class=\"wp-block-ab-animate\" data-scroll-class=\"jackInTheBox\" data-scroll-threshold=\"50\" style=\"animation-duration:2s\">\n<div class=\"wp-block-group has-border-color has-link-color-border-color has-white-background-color has-background is-vertical is-content-justification-center is-layout-flex wp-container-core-group-is-layout-8613f2d2 wp-block-group-is-layout-flex\" style=\"border-width:2px;border-radius:30px;min-height:800px;padding-top:var(--wp--preset--spacing--60);padding-right:var(--wp--preset--spacing--50);padding-bottom:var(--wp--preset--spacing--60);padding-left:var(--wp--preset--spacing--50)\">\n<figure class=\"wp-block-image alignleft size-full wp-duotone-unset-1\"><a href=\"https:\/\/www.vree.it\/\"><img loading=\"lazy\" decoding=\"async\" width=\"528\" height=\"473\" src=\"https:\/\/new.r4software.it\/wp-content\/uploads\/2024\/12\/1665669044071_image-removebg-preview.png\" alt=\"\" class=\"wp-image-162\" srcset=\"https:\/\/new.r4software.it\/wp-content\/uploads\/2024\/12\/1665669044071_image-removebg-preview.png 528w, https:\/\/new.r4software.it\/wp-content\/uploads\/2024\/12\/1665669044071_image-removebg-preview-300x269.png 300w\" sizes=\"auto, (max-width: 528px) 100vw, 528px\" \/><\/a><\/figure>\n\n\n\n<div class=\"wp-block-group is-layout-constrained wp-block-group-is-layout-constrained\">\n<h2 class=\"wp-block-heading has-text-align-center\"><strong><mark style=\"background-color:rgba(0, 0, 0, 0);color:#860e48\" class=\"has-inline-color\">V<\/mark>REE<\/strong> <mark style=\"background-color:rgba(0, 0, 0, 0);color:#860e48\" class=\"has-inline-color\">H<\/mark>EALTH<\/h2>\n\n\n\n<p><strong>In<\/strong> <strong><mark style=\"background-color:rgba(0, 0, 0, 0);color:#860e48\" class=\"has-inline-color\">Vree Health<\/mark><\/strong> <strong>(<mark style=\"background-color:rgba(0, 0, 0, 0);color:#860e48\" class=\"has-inline-color\">Vreely<\/mark>), abbiamo sviluppato la UX &amp; UI dell&#8217;applicazione mobile, creando contenuti grafici come immagini, loghi, icone personalizzate, studio dei colori e animazioni varie.<\/strong><\/p>\n\n\n\n<p class=\"has-text-align-center has-text-color has-link-color wp-elements-74b6edfd9ecd38fcb47fb1fbee80dd42\" style=\"color:#860e48\"><mark style=\"background-color:rgba(0, 0, 0, 0);color:#860e48\" class=\"has-inline-color\"><strong>Attivit\u00e0<\/strong>:<\/mark><\/p>\n\n\n\n<p class=\"has-text-align-center has-text-color has-link-color wp-elements-d74988b10e41c47a7e15a834c7b2e23a\" style=\"color:#860e48\"><mark style=\"background-color:rgba(0, 0, 0, 0);color:#860e48\" class=\"has-inline-color\"><strong>Sviluppo UX &amp; UI per Android e iOS<\/strong><\/mark><br><strong>Creazione contenuti grafici personalizzat<\/strong>i<\/p>\n<\/div>\n<\/div>\n<\/div>\n\n\n\n<div class=\"wp-block-ab-animate\" data-scroll-class=\"jackInTheBox\" style=\"animation-duration:2s\">\n<div class=\"wp-block-group has-border-color has-link-color-border-color has-white-background-color has-background is-vertical is-content-justification-center is-nowrap is-layout-flex wp-container-core-group-is-layout-d0c164f2 wp-block-group-is-layout-flex\" style=\"border-width:2px;border-radius:30px;min-height:800px;padding-top:var(--wp--preset--spacing--60);padding-right:var(--wp--preset--spacing--50);padding-bottom:var(--wp--preset--spacing--60);padding-left:var(--wp--preset--spacing--50)\">\n<figure class=\"wp-block-image alignleft size-full is-resized\"><a href=\"https:\/\/sistemafinance.it\/\"><img loading=\"lazy\" decoding=\"async\" width=\"860\" height=\"333\" src=\"https:\/\/new.r4software.it\/wp-content\/uploads\/2024\/12\/logo_sistemafinance.png\" alt=\"\" class=\"wp-image-163\" style=\"aspect-ratio:1.21;object-fit:contain;width:575px;height:auto\" srcset=\"https:\/\/new.r4software.it\/wp-content\/uploads\/2024\/12\/logo_sistemafinance.png 860w, https:\/\/new.r4software.it\/wp-content\/uploads\/2024\/12\/logo_sistemafinance-300x116.png 300w, https:\/\/new.r4software.it\/wp-content\/uploads\/2024\/12\/logo_sistemafinance-768x297.png 768w\" sizes=\"auto, (max-width: 860px) 100vw, 860px\" \/><\/a><\/figure>\n\n\n\n<div class=\"wp-block-group is-layout-constrained wp-block-group-is-layout-constrained\">\n<h2 class=\"wp-block-heading has-text-align-center\"><strong><mark style=\"background-color:rgba(0, 0, 0, 0);color:#c40319\" class=\"has-inline-color\">S<\/mark>ISTEMA <mark style=\"background-color:rgba(0, 0, 0, 0);color:#c40319\" class=\"has-inline-color\">F<\/mark>INANCE<\/strong><\/h2>\n\n\n\n<p><strong><mark style=\"background-color:rgba(0, 0, 0, 0);color:#c40319\" class=\"has-inline-color\">Sistema Finance<\/mark><\/strong>: <strong>per <mark style=\"background-color:rgba(0, 0, 0, 0);color:#c40319\" class=\"has-inline-color\">S<\/mark>istema <mark style=\"background-color:rgba(0, 0, 0, 0);color:#c40319\" class=\"has-inline-color\">F<\/mark>inance ci siamo occupati di seguire e gestire i social media, creando contenuti esclusivi per i post &#8211; reel &#8211; storie di ogni profilo, in base alle esigenze richieste dal cliente.<\/strong><\/p>\n\n\n\n<p class=\"has-text-align-center\"><strong><mark style=\"background-color:rgba(0, 0, 0, 0);color:#c40319\" class=\"has-inline-color\">Attivit\u00e0<\/mark><\/strong>:<\/p>\n\n\n\n<p class=\"has-text-align-center\"><strong><mark style=\"background-color:rgba(0, 0, 0, 0);color:#c40319\" class=\"has-inline-color\">Gestione profili Social Media<\/mark><\/strong><br><mark style=\"background-color:rgba(0, 0, 0, 0);color:#c40319\" class=\"has-inline-color\"><strong>Creazione contenuti come immagini &#8211; video &#8211; reel &#8211; storie<\/strong><\/mark><\/p>\n<\/div>\n<\/div>\n<\/div>\n<\/div>\n\n\n\n<p><\/p>\n","protected":false},"excerpt":{"rendered":"<p>La tua visione, la nostra creativit\u00e0. GRAFICHE WEB Il design \u00e8 l&#8217;anima di ogni progetto.&nbsp; Dal web design ai loghi, dai bigliettini ai men\u00f9 e ai contenuti per i social media, ogni elemento grafico che realizziamo \u00e8 una dichiarazione della nostra passione per l&#8217;estetica e la funzionalit\u00e0.&nbsp; Ascoltiamo e interpretiamo la tua visione in design [&hellip;]<\/p>\n","protected":false},"author":1,"featured_media":0,"parent":0,"menu_order":0,"comment_status":"closed","ping_status":"closed","template":"page-templates\/contained-no-title.php","meta":{"footnotes":""},"class_list":["post-12","page","type-page","status-publish","hentry"],"_links":{"self":[{"href":"https:\/\/new.r4software.it\/index.php?rest_route=\/wp\/v2\/pages\/12","targetHints":{"allow":["GET"]}}],"collection":[{"href":"https:\/\/new.r4software.it\/index.php?rest_route=\/wp\/v2\/pages"}],"about":[{"href":"https:\/\/new.r4software.it\/index.php?rest_route=\/wp\/v2\/types\/page"}],"author":[{"embeddable":true,"href":"https:\/\/new.r4software.it\/index.php?rest_route=\/wp\/v2\/users\/1"}],"replies":[{"embeddable":true,"href":"https:\/\/new.r4software.it\/index.php?rest_route=%2Fwp%2Fv2%2Fcomments&post=12"}],"version-history":[{"count":7,"href":"https:\/\/new.r4software.it\/index.php?rest_route=\/wp\/v2\/pages\/12\/revisions"}],"predecessor-version":[{"id":179,"href":"https:\/\/new.r4software.it\/index.php?rest_route=\/wp\/v2\/pages\/12\/revisions\/179"}],"wp:attachment":[{"href":"https:\/\/new.r4software.it\/index.php?rest_route=%2Fwp%2Fv2%2Fmedia&parent=12"}],"curies":[{"name":"wp","href":"https:\/\/api.w.org\/{rel}","templated":true}]}}