{"id":116,"date":"2024-12-05T17:21:42","date_gmt":"2024-12-05T17:21:42","guid":{"rendered":"https:\/\/www.r4software.it\/wordpress\/?page_id=116"},"modified":"2024-12-10T14:45:06","modified_gmt":"2024-12-10T14:45:06","slug":"my-report","status":"publish","type":"page","link":"https:\/\/new.r4software.it\/?page_id=116","title":{"rendered":"My Report"},"content":{"rendered":"\n<div class=\"wp-block-cover alignfull is-light\" style=\"min-height:800px;aspect-ratio:unset;\"><span aria-hidden=\"true\" class=\"wp-block-cover__background has-link-color-background-color has-background-dim\"><\/span><img loading=\"lazy\" decoding=\"async\" width=\"1200\" height=\"1200\" class=\"wp-block-cover__image-background wp-image-195\" alt=\"\" src=\"https:\/\/new.r4software.it\/wp-content\/uploads\/2024\/12\/freepik-export-20241210105443MsLH.jpeg\" style=\"object-position:50% 48%\" data-object-fit=\"cover\" data-object-position=\"50% 48%\" srcset=\"https:\/\/new.r4software.it\/wp-content\/uploads\/2024\/12\/freepik-export-20241210105443MsLH.jpeg 1200w, https:\/\/new.r4software.it\/wp-content\/uploads\/2024\/12\/freepik-export-20241210105443MsLH-300x300.jpeg 300w, https:\/\/new.r4software.it\/wp-content\/uploads\/2024\/12\/freepik-export-20241210105443MsLH-1024x1024.jpeg 1024w, https:\/\/new.r4software.it\/wp-content\/uploads\/2024\/12\/freepik-export-20241210105443MsLH-150x150.jpeg 150w, https:\/\/new.r4software.it\/wp-content\/uploads\/2024\/12\/freepik-export-20241210105443MsLH-768x768.jpeg 768w\" sizes=\"auto, (max-width: 1200px) 100vw, 1200px\" \/><div class=\"wp-block-cover__inner-container is-layout-constrained wp-block-cover-is-layout-constrained\">\n<figure class=\"wp-block-image size-full\"><img loading=\"lazy\" decoding=\"async\" width=\"1024\" height=\"572\" src=\"https:\/\/new.r4software.it\/wp-content\/uploads\/2024\/12\/LogoMyReportBianco.png\" alt=\"\" class=\"wp-image-111\" srcset=\"https:\/\/new.r4software.it\/wp-content\/uploads\/2024\/12\/LogoMyReportBianco.png 1024w, https:\/\/new.r4software.it\/wp-content\/uploads\/2024\/12\/LogoMyReportBianco-300x168.png 300w, https:\/\/new.r4software.it\/wp-content\/uploads\/2024\/12\/LogoMyReportBianco-768x429.png 768w\" sizes=\"auto, (max-width: 1024px) 100vw, 1024px\" \/><\/figure>\n<\/div><\/div>\n\n\n\n<hr class=\"wp-block-separator has-text-color has-white-color has-alpha-channel-opacity has-white-background-color has-background\" style=\"margin-top:var(--wp--preset--spacing--60);margin-bottom:var(--wp--preset--spacing--60)\"\/>\n\n\n\n<div class=\"wp-block-ab-animate\" data-scroll-class=\"pulse\" style=\"animation-duration:5s\">\n<div class=\"wp-block-group alignwide has-border-color has-link-color-background-color has-background is-layout-constrained wp-container-core-group-is-layout-db32e940 wp-block-group-is-layout-constrained\" style=\"border-color:#00504b;border-width:2px;border-radius:30px;padding-top:var(--wp--preset--spacing--60);padding-right:var(--wp--preset--spacing--60);padding-bottom:var(--wp--preset--spacing--60);padding-left:var(--wp--preset--spacing--60)\">\n<div class=\"wp-block-media-text alignwide is-stacked-on-mobile\"><figure class=\"wp-block-media-text__media\"><img loading=\"lazy\" decoding=\"async\" width=\"1024\" height=\"572\" src=\"https:\/\/new.r4software.it\/wp-content\/uploads\/2024\/12\/LogoMyReportBianco.png\" alt=\"\" class=\"wp-image-111 size-full\" srcset=\"https:\/\/new.r4software.it\/wp-content\/uploads\/2024\/12\/LogoMyReportBianco.png 1024w, https:\/\/new.r4software.it\/wp-content\/uploads\/2024\/12\/LogoMyReportBianco-300x168.png 300w, https:\/\/new.r4software.it\/wp-content\/uploads\/2024\/12\/LogoMyReportBianco-768x429.png 768w\" sizes=\"auto, (max-width: 1024px) 100vw, 1024px\" \/><\/figure><div class=\"wp-block-media-text__content\">\n<h2 class=\"wp-block-heading has-white-color has-text-color has-link-color wp-elements-747080bca2c18cecc7c58f708619d041\" style=\"text-transform:uppercase\">MyReport:<br>La Soluzione Completa<br>per la Tua Azienda<\/h2>\n\n\n\n<p class=\"has-white-color has-text-color has-link-color wp-elements-4d370ac0e9de51a929fa1001a846c896\" id=\"isPasted\">MyReport \u00e8 una soluzione completa progettata per semplificare e migliorare\u00a0la gestione degli interventi e dei rapporti per le aziende di ogni settore. Con MyReport, avrai tutte le risorse necessarie per velocizzare la registrazione degli interventi, eliminare errori e perdite di documenti e migliorare la tracciabilit\u00e0 delle attivit\u00e0 svolte dai tuoi operatori.<\/p>\n<\/div><\/div>\n<\/div>\n<\/div>\n\n\n\n<hr class=\"wp-block-separator has-text-color has-white-color has-alpha-channel-opacity has-white-background-color has-background\" style=\"margin-top:var(--wp--preset--spacing--60);margin-bottom:var(--wp--preset--spacing--60)\"\/>\n\n\n\n<div class=\"wp-block-ab-animate\" data-scroll-class=\"jackInTheBox\" style=\"animation-duration:3s\">\n<div class=\"wp-block-group alignfull is-layout-constrained wp-container-core-group-is-layout-24567ffd wp-block-group-is-layout-constrained\" style=\"padding-top:var(--wp--preset--spacing--40);padding-right:var(--wp--preset--spacing--40);padding-bottom:var(--wp--preset--spacing--40);padding-left:var(--wp--preset--spacing--40)\">\n<div class=\"wp-block-columns alignwide is-layout-flex wp-container-core-columns-is-layout-7fc3d43a wp-block-columns-is-layout-flex\">\n<div class=\"wp-block-column has-border-color has-white-border-color has-link-color-background-color has-background is-layout-flow wp-block-column-is-layout-flow\" style=\"border-width:2px;border-radius:30px;padding-top:var(--wp--preset--spacing--40);padding-right:var(--wp--preset--spacing--40);padding-bottom:var(--wp--preset--spacing--40);padding-left:var(--wp--preset--spacing--40)\">\n<figure class=\"wp-block-image aligncenter size-full\"><img loading=\"lazy\" decoding=\"async\" width=\"100\" height=\"100\" src=\"https:\/\/new.r4software.it\/wp-content\/uploads\/2024\/12\/icons8-presentation-100.png\" alt=\"\" class=\"wp-image-197\"\/><\/figure>\n\n\n\n<h2 class=\"wp-block-heading has-text-align-center has-white-color has-text-color has-link-color has-medium-font-size wp-elements-ed05fbbf592987b61189858aff7d1915\" style=\"margin-top:var(--wp--preset--spacing--40);text-transform:uppercase\"><mark style=\"background-color:rgba(0, 0, 0, 0)\" class=\"has-inline-color has-link-color-hover-color\">R<\/mark>egistrazione <mark style=\"background-color:rgba(0, 0, 0, 0)\" class=\"has-inline-color has-link-color-hover-color\">P<\/mark>recisa<br><mark style=\"background-color:rgba(0, 0, 0, 0)\" class=\"has-inline-color has-link-color-hover-color\">d<\/mark>egli <mark style=\"background-color:rgba(0, 0, 0, 0)\" class=\"has-inline-color has-link-color-hover-color\">I<\/mark>nterventi<\/h2>\n\n\n\n<p class=\"has-white-color has-text-color has-link-color wp-elements-08fb9eb7261f66f94e97ab3293cc74dd\">Assegna i turni in base alla quantit\u00e0 di clienti previsti, garantendo un adeguato numero di dipendenti in servizio.<\/p>\n<\/div>\n\n\n\n<div class=\"wp-block-column has-border-color has-white-border-color has-link-color-background-color has-background is-layout-flow wp-block-column-is-layout-flow\" style=\"border-width:2px;border-radius:30px;padding-top:var(--wp--preset--spacing--40);padding-right:var(--wp--preset--spacing--40);padding-bottom:var(--wp--preset--spacing--40);padding-left:var(--wp--preset--spacing--40)\">\n<figure class=\"wp-block-image aligncenter size-full\"><img loading=\"lazy\" decoding=\"async\" width=\"100\" height=\"100\" src=\"https:\/\/new.r4software.it\/wp-content\/uploads\/2024\/12\/System-Task.png\" alt=\"\" class=\"wp-image-198\"\/><\/figure>\n\n\n\n<h2 class=\"wp-block-heading has-text-align-center has-white-color has-text-color has-link-color has-medium-font-size wp-elements-cb000180d9f38da9439bb898c724e9db\" style=\"margin-top:var(--wp--preset--spacing--40);text-transform:uppercase\"><mark style=\"background-color:rgba(0, 0, 0, 0)\" class=\"has-inline-color has-link-color-hover-color\">T<\/mark>racciabilit\u00e0 <mark style=\"background-color:rgba(0, 0, 0, 0)\" class=\"has-inline-color has-link-color-hover-color\">C<\/mark>ompleta<br><mark style=\"background-color:rgba(0, 0, 0, 0)\" class=\"has-inline-color has-link-color-hover-color\">d<\/mark>elle <mark style=\"background-color:rgba(0, 0, 0, 0)\" class=\"has-inline-color has-link-color-hover-color\">A<\/mark>ttivit\u00e0<\/h2>\n\n\n\n<p class=\"has-white-color has-text-color has-link-color wp-elements-b4b721a5dfa26ead295e641136ffa898\">Genera un riepilogo settimanale che include le ore lavorate da ciascun dipendente, le variazioni di turni e le prestazioni complessive del team.<\/p>\n<\/div>\n<\/div>\n<\/div>\n<\/div>\n\n\n\n<div class=\"wp-block-ab-animate\" data-scroll-class=\"jackInTheBox\" style=\"animation-duration:3s\">\n<div class=\"wp-block-group alignfull is-layout-constrained wp-container-core-group-is-layout-24567ffd wp-block-group-is-layout-constrained\" style=\"padding-top:var(--wp--preset--spacing--40);padding-right:var(--wp--preset--spacing--40);padding-bottom:var(--wp--preset--spacing--40);padding-left:var(--wp--preset--spacing--40)\">\n<div class=\"wp-block-columns alignwide is-layout-flex wp-container-core-columns-is-layout-7fc3d43a wp-block-columns-is-layout-flex\">\n<div class=\"wp-block-column has-border-color has-white-border-color has-link-color-background-color has-background is-layout-flow wp-block-column-is-layout-flow\" style=\"border-width:2px;border-radius:30px;padding-top:var(--wp--preset--spacing--40);padding-right:var(--wp--preset--spacing--40);padding-bottom:var(--wp--preset--spacing--40);padding-left:var(--wp--preset--spacing--40)\">\n<figure class=\"wp-block-image aligncenter size-full\"><img loading=\"lazy\" decoding=\"async\" width=\"100\" height=\"100\" src=\"https:\/\/new.r4software.it\/wp-content\/uploads\/2024\/12\/Print.png\" alt=\"\" class=\"wp-image-185\"\/><\/figure>\n\n\n\n<h2 class=\"wp-block-heading has-text-align-center has-white-color has-text-color has-link-color has-medium-font-size wp-elements-fd5d4c2256d27b0eec8ddbc254d62f61\" style=\"margin-top:var(--wp--preset--spacing--40);text-transform:uppercase\"><mark style=\"background-color:rgba(0, 0, 0, 0)\" class=\"has-inline-color has-link-color-hover-color\">R<\/mark>eport<br><mark style=\"background-color:rgba(0, 0, 0, 0)\" class=\"has-inline-color has-link-color-hover-color\">P<\/mark>ersonalizzati<\/h2>\n\n\n\n<p class=\"has-white-color has-text-color has-link-color wp-elements-2c2ef2754fe9bc881e3342eae83cb840\">MyReport permette di generare report dettagliati e personalizzati in base alle esigenze e al tipo di cliente, consentendo di visualizzare e analizzare le attivit\u00e0 svolte settimanalmente, mensilmente o annualmente.<\/p>\n<\/div>\n\n\n\n<div class=\"wp-block-column has-border-color has-white-border-color has-link-color-background-color has-background is-layout-flow wp-block-column-is-layout-flow\" style=\"border-width:2px;border-radius:30px;padding-top:var(--wp--preset--spacing--40);padding-right:var(--wp--preset--spacing--40);padding-bottom:var(--wp--preset--spacing--40);padding-left:var(--wp--preset--spacing--40)\">\n<figure class=\"wp-block-image aligncenter size-full\"><img loading=\"lazy\" decoding=\"async\" width=\"100\" height=\"100\" src=\"https:\/\/new.r4software.it\/wp-content\/uploads\/2024\/12\/Collaboration-Female-Male.png\" alt=\"\" class=\"wp-image-199\"\/><\/figure>\n\n\n\n<h2 class=\"wp-block-heading has-text-align-center has-white-color has-text-color has-link-color has-medium-font-size wp-elements-3d236a442eec03b16b3d0d0b0e683e63\" style=\"margin-top:var(--wp--preset--spacing--40);text-transform:uppercase\"><mark style=\"background-color:rgba(0, 0, 0, 0)\" class=\"has-inline-color has-link-color-hover-color\">G<\/mark>estione<br><mark style=\"background-color:rgba(0, 0, 0, 0)\" class=\"has-inline-color has-link-color-hover-color\">C<\/mark>lienti<\/h2>\n\n\n\n<p class=\"has-white-color has-text-color has-link-color wp-elements-c7ac41f3b0a84a13482eff132adce07d\">MyReport offre la possibilit\u00e0 di mantenere un registro completo dei clienti, consentendo di tenere traccia dei lavori svolti per ogni cliente.<\/p>\n<\/div>\n<\/div>\n<\/div>\n<\/div>\n\n\n\n<hr class=\"wp-block-separator has-text-color has-white-color has-alpha-channel-opacity has-white-background-color has-background\" style=\"margin-top:var(--wp--preset--spacing--60);margin-bottom:var(--wp--preset--spacing--60)\"\/>\n\n\n\n<div class=\"wp-block-media-text alignfull is-stacked-on-mobile has-link-color-background-color has-background\" style=\"padding-top:0;padding-right:0;padding-bottom:0;padding-left:0\"><figure class=\"wp-block-media-text__media\"><img loading=\"lazy\" decoding=\"async\" width=\"1024\" height=\"561\" src=\"https:\/\/new.r4software.it\/wp-content\/uploads\/2024\/12\/ScreenAbilitazionetecnicocensurata-1024x561.jpg\" alt=\"\" class=\"wp-image-200 size-full\" srcset=\"https:\/\/new.r4software.it\/wp-content\/uploads\/2024\/12\/ScreenAbilitazionetecnicocensurata-1024x561.jpg 1024w, https:\/\/new.r4software.it\/wp-content\/uploads\/2024\/12\/ScreenAbilitazionetecnicocensurata-300x164.jpg 300w, https:\/\/new.r4software.it\/wp-content\/uploads\/2024\/12\/ScreenAbilitazionetecnicocensurata-768x421.jpg 768w, https:\/\/new.r4software.it\/wp-content\/uploads\/2024\/12\/ScreenAbilitazionetecnicocensurata-1536x842.jpg 1536w, https:\/\/new.r4software.it\/wp-content\/uploads\/2024\/12\/ScreenAbilitazionetecnicocensurata.jpg 1920w\" sizes=\"auto, (max-width: 1024px) 100vw, 1024px\" \/><\/figure><div class=\"wp-block-media-text__content\">\n<h2 class=\"wp-block-heading has-white-color has-text-color has-link-color wp-elements-32c47a43956613609b572cb71f1f3708\" style=\"text-transform:uppercase\"><mark style=\"background-color:rgba(0, 0, 0, 0)\" class=\"has-inline-color has-link-color-hover-color\">T<\/mark>racciabilit\u00e0 <mark style=\"background-color:rgba(0, 0, 0, 0)\" class=\"has-inline-color has-link-color-hover-color\">C<\/mark>ompleta <mark style=\"background-color:rgba(0, 0, 0, 0)\" class=\"has-inline-color has-link-color-hover-color\">d<\/mark>elle <mark style=\"background-color:rgba(0, 0, 0, 0)\" class=\"has-inline-color has-link-color-hover-color\">A<\/mark>ttivit\u00e0<\/h2>\n\n\n\n<p class=\"has-white-color has-text-color has-link-color wp-elements-3d5954f507bd575fa3eccc597ddc2725\">Grazie alla funzionalit\u00e0 di tracciamento integrata, \u00e8 possibile monitorare in tempo reale quali interventi sono stati svolti da ciascun operatore, quali forniture sono state utilizzate e quanto tempo \u00e8 stato impiegato per ciascun lavoro.<\/p>\n<\/div><\/div>\n\n\n\n<hr class=\"wp-block-separator has-text-color has-white-color has-alpha-channel-opacity has-white-background-color has-background\" style=\"margin-top:var(--wp--preset--spacing--60);margin-bottom:var(--wp--preset--spacing--60)\"\/>\n\n\n\n<div class=\"wp-block-ab-animate\" data-scroll-class=\"fadeInUpBig\" style=\"animation-duration:3s\"><div class=\"forminator-ui forminator-custom-form forminator-custom-form-206 forminator-design--material  forminator_ajax\" data-forminator-render=\"0\" data-form=\"forminator-module-206\" data-uid=\"69d78531572c6\"><br\/><\/div><form\n\t\t\t\tid=\"forminator-module-206\"\n\t\t\t\tclass=\"forminator-ui forminator-custom-form forminator-custom-form-206 forminator-design--material  forminator_ajax\"\n\t\t\t\tmethod=\"post\"\n\t\t\t\tdata-forminator-render=\"0\"\n\t\t\t\tdata-form-id=\"206\"\n\t\t\t\t data-color-option=\"theme\" data-design=\"material\" data-grid=\"open\" style=\"display: none;\"\n\t\t\t\tdata-uid=\"69d78531572c6\"\n\t\t\t><div role=\"alert\" aria-live=\"polite\" class=\"forminator-response-message forminator-error\" aria-hidden=\"true\"><\/div><div class=\"forminator-row\"><div id=\"name-1\" class=\"forminator-field-name forminator-col forminator-col-12 \"><div class=\"forminator-row forminator-no-margin\" data-multiple=\"true\"><div class=\"forminator-col forminator-col-md-6\"><div class=\"forminator-field\"><label for=\"forminator-field-first-name-1_69d78531572c6\" id=\"forminator-field-first-name-1_69d78531572c6-label\" class=\"forminator-label\">Nome <span class=\"forminator-required\">*<\/span><\/label><input type=\"text\" name=\"name-1-first-name\" placeholder=\"\" id=\"forminator-field-first-name-1_69d78531572c6\" class=\"forminator-input\" aria-required=\"true\" data-multi=\"1\" autocomplete=\"given-name\" value=\"\" \/><\/div><\/div><div class=\"forminator-col forminator-col-md-6\"><div class=\"forminator-field\"><label for=\"forminator-field-last-name-1_69d78531572c6\" id=\"forminator-field-last-name-1_69d78531572c6-label\" class=\"forminator-label\">Cognome <span class=\"forminator-required\">*<\/span><\/label><input type=\"text\" name=\"name-1-last-name\" placeholder=\"\" id=\"forminator-field-last-name-1_69d78531572c6\" class=\"forminator-input\" aria-required=\"true\" data-multi=\"1\" autocomplete=\"family-name\" value=\"\" \/><\/div><\/div><\/div><\/div><\/div><div class=\"forminator-row\"><div id=\"email-1\" class=\"forminator-field-email forminator-col forminator-col-12 \"><div class=\"forminator-field\"><label for=\"forminator-field-email-1_69d78531572c6\" id=\"forminator-field-email-1_69d78531572c6-label\" class=\"forminator-label\">Email <span class=\"forminator-required\">*<\/span><\/label><input type=\"email\" name=\"email-1\" value=\"\" placeholder=\"\" id=\"forminator-field-email-1_69d78531572c6\" class=\"forminator-input forminator-email--field\" data-required=\"true\" aria-required=\"true\" autocomplete=\"email\" \/><\/div><\/div><\/div><div class=\"forminator-row\"><div id=\"phone-1\" class=\"forminator-field-phone forminator-col forminator-col-12 \"><div class=\"forminator-field\"><label for=\"forminator-field-phone-1_69d78531572c6\" id=\"forminator-field-phone-1_69d78531572c6-label\" class=\"forminator-label\">Telefono<\/label><input type=\"text\" name=\"phone-1\" value=\"\" placeholder=\"\" id=\"forminator-field-phone-1_69d78531572c6\" class=\"forminator-input forminator-field--phone\" data-required=\"\" aria-required=\"false\" autocomplete=\"off\" data-national_mode=\"enabled\" data-country=\"it\" data-validation=\"standard\" \/><\/div><\/div><\/div><input type=\"hidden\" name=\"referer_url\" value=\"\" \/><div class=\"forminator-row forminator-row-last\"><div class=\"forminator-col\"><div class=\"forminator-field\"><button class=\"forminator-button forminator-button-submit\"><span>Richiedi Adesso<\/span><span aria-hidden=\"true\"><\/span><\/button><\/div><\/div><\/div><input type=\"hidden\" id=\"forminator_nonce\" name=\"forminator_nonce\" value=\"3eb61cc6a1\" \/><input type=\"hidden\" name=\"_wp_http_referer\" value=\"\/index.php?rest_route=%2Fwp%2Fv2%2Fpages%2F116\" \/><input type=\"hidden\" name=\"form_id\" value=\"206\"><input type=\"hidden\" name=\"page_id\" value=\"116\"><input type=\"hidden\" name=\"form_type\" value=\"default\"><input type=\"hidden\" name=\"current_url\" value=\"https:\/\/new.r4software.it\/?page_id=116\"><input type=\"hidden\" name=\"render_id\" value=\"0\"><input type=\"hidden\" name=\"action\" value=\"forminator_submit_form_custom-forms\"><\/form>\n<\/div>\n","protected":false},"excerpt":{"rendered":"<p>Tracciabilit\u00e0 Completa delle Attivit\u00e0 Grazie alla funzionalit\u00e0 di tracciamento integrata, \u00e8 possibile monitorare in tempo reale quali interventi sono stati svolti da ciascun operatore, quali forniture sono state utilizzate e quanto tempo \u00e8 stato impiegato per ciascun lavoro.<\/p>\n","protected":false},"author":1,"featured_media":0,"parent":0,"menu_order":0,"comment_status":"closed","ping_status":"closed","template":"page-templates\/contained-no-title.php","meta":{"footnotes":""},"class_list":["post-116","page","type-page","status-publish","hentry"],"_links":{"self":[{"href":"https:\/\/new.r4software.it\/index.php?rest_route=\/wp\/v2\/pages\/116","targetHints":{"allow":["GET"]}}],"collection":[{"href":"https:\/\/new.r4software.it\/index.php?rest_route=\/wp\/v2\/pages"}],"about":[{"href":"https:\/\/new.r4software.it\/index.php?rest_route=\/wp\/v2\/types\/page"}],"author":[{"embeddable":true,"href":"https:\/\/new.r4software.it\/index.php?rest_route=\/wp\/v2\/users\/1"}],"replies":[{"embeddable":true,"href":"https:\/\/new.r4software.it\/index.php?rest_route=%2Fwp%2Fv2%2Fcomments&post=116"}],"version-history":[{"count":6,"href":"https:\/\/new.r4software.it\/index.php?rest_route=\/wp\/v2\/pages\/116\/revisions"}],"predecessor-version":[{"id":209,"href":"https:\/\/new.r4software.it\/index.php?rest_route=\/wp\/v2\/pages\/116\/revisions\/209"}],"wp:attachment":[{"href":"https:\/\/new.r4software.it\/index.php?rest_route=%2Fwp%2Fv2%2Fmedia&parent=116"}],"curies":[{"name":"wp","href":"https:\/\/api.w.org\/{rel}","templated":true}]}}