{"id":11,"date":"2024-12-02T15:55:16","date_gmt":"2024-12-02T15:55:16","guid":{"rendered":"https:\/\/www.r4software.it\/wordpress\/?page_id=11"},"modified":"2024-12-09T08:24:24","modified_gmt":"2024-12-09T08:24:24","slug":"app-mobile","status":"publish","type":"page","link":"https:\/\/new.r4software.it\/?page_id=11","title":{"rendered":"App Mobile"},"content":{"rendered":"\n<div class=\"wp-block-cover alignfull is-light has-white-color has-text-color has-link-color has-xx-large-font-size wp-elements-54c503ec2f653c173db83dd44371a259\" style=\"min-height:800px;aspect-ratio:unset;\"><span aria-hidden=\"true\" class=\"wp-block-cover__background has-link-color-background-color has-background-dim\"><\/span><img loading=\"lazy\" decoding=\"async\" width=\"1200\" height=\"1200\" class=\"wp-block-cover__image-background wp-image-128\" alt=\"\" src=\"https:\/\/new.r4software.it\/wp-content\/uploads\/2024\/12\/12780654_5035108-e1733474743701.jpg\" style=\"object-position:50% 27%\" data-object-fit=\"cover\" data-object-position=\"50% 27%\"\/><div class=\"wp-block-cover__inner-container is-layout-constrained wp-block-cover-is-layout-constrained\">\n<p class=\"has-text-align-center has-xx-large-font-size\"><strong>APP MOBILE<\/strong><\/p>\n<\/div><\/div>\n\n\n\n<div style=\"height:50px\" aria-hidden=\"true\" class=\"wp-block-spacer\"><\/div>\n\n\n\n<h2 class=\"wp-block-heading has-text-align-center\" style=\"text-transform:uppercase\"><mark style=\"background-color:rgba(0, 0, 0, 0)\" class=\"has-inline-color has-link-color-color\">I<\/mark>l <mark style=\"background-color:rgba(0, 0, 0, 0)\" class=\"has-inline-color has-link-color-color\">T<\/mark>uo <mark style=\"background-color:rgba(0, 0, 0, 0)\" class=\"has-inline-color has-link-color-color\">P<\/mark>artner per lo <mark style=\"background-color:rgba(0, 0, 0, 0)\" class=\"has-inline-color has-link-color-color\">S<\/mark>viluppo di <mark style=\"background-color:rgba(0, 0, 0, 0)\" class=\"has-inline-color has-link-color-color\">A<\/mark>pp All&#8217;avanguardia<\/h2>\n\n\n\n<hr class=\"wp-block-separator has-text-color has-link-color-color has-alpha-channel-opacity has-link-color-background-color has-background\" style=\"margin-top:var(--wp--preset--spacing--50);margin-bottom:var(--wp--preset--spacing--50)\"\/>\n\n\n\n<div class=\"wp-block-group alignwide fade has-border-color has-white-background-color has-background is-layout-constrained wp-container-core-group-is-layout-da4f2bcd wp-block-group-is-layout-constrained\" style=\"border-color:#4766ff;border-width:2px;border-radius:30px;padding-top:var(--wp--preset--spacing--60);padding-right:var(--wp--preset--spacing--60);padding-bottom:var(--wp--preset--spacing--60);padding-left:var(--wp--preset--spacing--60)\">\n<div class=\"wp-block-media-text alignwide is-stacked-on-mobile\"><figure class=\"wp-block-media-text__media\"><img loading=\"lazy\" decoding=\"async\" width=\"1024\" height=\"684\" src=\"https:\/\/new.r4software.it\/wp-content\/uploads\/2024\/12\/freepik-export-20241206085441vCV2-1024x684.jpeg\" alt=\"\" class=\"wp-image-129 size-full\" srcset=\"https:\/\/new.r4software.it\/wp-content\/uploads\/2024\/12\/freepik-export-20241206085441vCV2-1024x684.jpeg 1024w, https:\/\/new.r4software.it\/wp-content\/uploads\/2024\/12\/freepik-export-20241206085441vCV2-300x200.jpeg 300w, https:\/\/new.r4software.it\/wp-content\/uploads\/2024\/12\/freepik-export-20241206085441vCV2-768x513.jpeg 768w, https:\/\/new.r4software.it\/wp-content\/uploads\/2024\/12\/freepik-export-20241206085441vCV2.jpeg 1200w\" sizes=\"auto, (max-width: 1024px) 100vw, 1024px\" \/><\/figure><div class=\"wp-block-media-text__content\">\n<h2 class=\"wp-block-heading\" style=\"text-transform:uppercase\"><strong><mark style=\"background-color:rgba(0, 0, 0, 0)\" class=\"has-inline-color has-link-color-color\">S<\/mark>viluppo di <mark style=\"background-color:rgba(0, 0, 0, 0)\" class=\"has-inline-color has-link-color-color\">A<\/mark>pp <mark style=\"background-color:rgba(0, 0, 0, 0)\" class=\"has-inline-color has-link-color-color\">M<\/mark>obile<\/strong><\/h2>\n\n\n\n<p>Nell&#8217;era digitale, la mobilit\u00e0 \u00e8 tutto.<\/p>\n\n\n\n<p>Sviluppiamo applicazioni mobile per iOS e Android, con un focus non solo sulla funzionalit\u00e0, ma anche sull&#8217;estetica e sull&#8217;usabilit\u00e0. Ogni app che creiamo \u00e8 il risultato di ore di riflessione, design e programmazione, assicurando che gli utenti non solo utilizzino, ma amino le soluzioni che proponiamo.<\/p>\n\n\n\n<p>Perch\u00e9 per noi, ogni pixel conta e ogni feedback dell&#8217;utente \u00e8 una gemma preziosa.<\/p>\n<\/div><\/div>\n<\/div>\n\n\n\n<hr class=\"wp-block-separator has-text-color has-link-color-color has-alpha-channel-opacity has-link-color-background-color has-background\" style=\"margin-top:var(--wp--preset--spacing--50);margin-bottom:var(--wp--preset--spacing--50)\"\/>\n\n\n\n<h2 class=\"wp-block-heading has-text-align-center has-x-large-font-size\"><mark style=\"background-color:rgba(0, 0, 0, 0)\" class=\"has-inline-color has-link-color-color\">F<\/mark>ASI <mark style=\"background-color:rgba(0, 0, 0, 0)\" class=\"has-inline-color has-link-color-color\">C<\/mark>REAZIONE<\/h2>\n\n\n\n<hr class=\"wp-block-separator has-text-color has-link-color-color has-alpha-channel-opacity has-link-color-background-color has-background\" style=\"margin-top:var(--wp--preset--spacing--50);margin-bottom:var(--wp--preset--spacing--50)\"\/>\n\n\n\n<div class=\"wp-block-ab-animate\" data-scroll-class=\"jackInTheBox\" style=\"animation-duration:3s\">\n<div class=\"wp-block-group alignfull is-layout-constrained wp-container-core-group-is-layout-24567ffd wp-block-group-is-layout-constrained\" style=\"padding-top:var(--wp--preset--spacing--40);padding-right:var(--wp--preset--spacing--40);padding-bottom:var(--wp--preset--spacing--40);padding-left:var(--wp--preset--spacing--40)\">\n<div class=\"wp-block-columns alignwide is-layout-flex wp-container-core-columns-is-layout-7fc3d43a wp-block-columns-is-layout-flex\">\n<div class=\"wp-block-column has-border-color has-white-background-color has-background is-layout-flow wp-block-column-is-layout-flow\" style=\"border-color:#4766ff;border-width:2px;border-radius:30px;padding-top:var(--wp--preset--spacing--40);padding-right:var(--wp--preset--spacing--40);padding-bottom:var(--wp--preset--spacing--40);padding-left:var(--wp--preset--spacing--40)\">\n<figure class=\"wp-block-image aligncenter size-full\"><img loading=\"lazy\" decoding=\"async\" width=\"100\" height=\"100\" src=\"https:\/\/new.r4software.it\/wp-content\/uploads\/2024\/12\/Combo-Chart.png\" alt=\"\" class=\"wp-image-131\"\/><\/figure>\n\n\n\n<h2 class=\"wp-block-heading has-text-align-center has-medium-font-size\" style=\"margin-top:var(--wp--preset--spacing--40)\"><strong><mark style=\"background-color:rgba(0, 0, 0, 0)\" class=\"has-inline-color has-link-color-color\">A<\/mark>NALISI E <mark style=\"background-color:rgba(0, 0, 0, 0)\" class=\"has-inline-color has-link-color-color\">P<\/mark>IANIFICAZIONE<\/strong><\/h2>\n\n\n\n<p><strong>Definizione dei Requisiti:<\/strong> Creare un documento dettagliato che descriva tutte le funzionalit\u00e0 necessarie.<\/p>\n\n\n\n<p><strong>Pianificazione del Progetto:<\/strong> Stabilire le tempistiche, assegnare risorse e creare un piano di progetto dettagliato.<\/p>\n<\/div>\n\n\n\n<div class=\"wp-block-column has-border-color has-white-background-color has-background is-layout-flow wp-block-column-is-layout-flow\" style=\"border-color:#4766ff;border-width:2px;border-radius:30px;padding-top:var(--wp--preset--spacing--40);padding-right:var(--wp--preset--spacing--40);padding-bottom:var(--wp--preset--spacing--40);padding-left:var(--wp--preset--spacing--40)\">\n<figure class=\"wp-block-image aligncenter size-full\"><img loading=\"lazy\" decoding=\"async\" width=\"100\" height=\"100\" src=\"https:\/\/new.r4software.it\/wp-content\/uploads\/2024\/12\/Multiple-Devices.png\" alt=\"\" class=\"wp-image-139\"\/><\/figure>\n\n\n\n<h2 class=\"wp-block-heading has-text-align-center has-medium-font-size\" style=\"margin-top:var(--wp--preset--spacing--40)\"><strong><mark style=\"background-color:rgba(0, 0, 0, 0)\" class=\"has-inline-color has-link-color-color\">P<\/mark>ROGETTAZIONE<\/strong><\/h2>\n\n\n\n<p><strong>Progettazione UI\/UX:<\/strong> Creare wireframe e prototipi dell&#8217;interfaccia utente per garantire un&#8217;esperienza utente ottimale. Questo include la definizione del layout, la navigazione e l&#8217;interazione.<\/p>\n\n\n\n<p><strong>Design Grafico:<\/strong> Sviluppare il design visivo dell&#8217;app, comprese le icone, i colori e gli elementi grafici.<\/p>\n<\/div>\n\n\n\n<div class=\"wp-block-column has-border-color has-white-background-color has-background is-layout-flow wp-block-column-is-layout-flow\" style=\"border-color:#4766ff;border-width:2px;border-radius:30px;padding-top:var(--wp--preset--spacing--40);padding-right:var(--wp--preset--spacing--40);padding-bottom:var(--wp--preset--spacing--40);padding-left:var(--wp--preset--spacing--40)\">\n<figure class=\"wp-block-image aligncenter size-full\"><img loading=\"lazy\" decoding=\"async\" width=\"100\" height=\"100\" src=\"https:\/\/new.r4software.it\/wp-content\/uploads\/2024\/12\/Code-1.png\" alt=\"\" class=\"wp-image-133\"\/><\/figure>\n\n\n\n<h2 class=\"wp-block-heading has-text-align-center has-medium-font-size\" style=\"margin-top:var(--wp--preset--spacing--40);margin-bottom:var(--wp--preset--spacing--40)\"><strong><mark style=\"background-color:rgba(0, 0, 0, 0)\" class=\"has-inline-color has-link-color-color\">S<\/mark>VILUPPO<\/strong><\/h2>\n\n\n\n<p><strong>Scelta della Piattaforma:<\/strong> Decidere se sviluppare l&#8217;app per iOS, Android o entrambe le piattaforme (sviluppo nativo o cross-platform).<\/p>\n\n\n\n<p><strong>Frontend Development:<\/strong> Scrivere il codice per la parte visibile agli utenti, utilizzando linguaggi come Swift per iOS e Kotlin\/Java per Android, o framework come React Native o Flutter per lo sviluppo cross-platform.<\/p>\n\n\n\n<p><strong>Backend Development:<\/strong> Creare il server, il database e l&#8217;API per gestire i dati e la logica di business, utilizzando tecnologie come Node.js, Python, Ruby on Rails, Java o PHP.<\/p>\n\n\n\n<p><strong>Integrazione del Database:<\/strong> Progettare e implementare il database, scegliendo tra opzioni come Firebase, MySQL, PostgreSQL, MongoDB, ecc.<\/p>\n<\/div>\n\n\n\n<div class=\"wp-block-column has-border-color has-white-background-color has-background is-layout-flow wp-block-column-is-layout-flow\" style=\"border-color:#4766ff;border-width:2px;border-radius:30px;padding-top:var(--wp--preset--spacing--40);padding-right:var(--wp--preset--spacing--40);padding-bottom:var(--wp--preset--spacing--40);padding-left:var(--wp--preset--spacing--40)\">\n<figure class=\"wp-block-image aligncenter size-full\"><img loading=\"lazy\" decoding=\"async\" width=\"100\" height=\"100\" src=\"https:\/\/new.r4software.it\/wp-content\/uploads\/2024\/12\/Pass-Fail.png\" alt=\"\" class=\"wp-image-140\"\/><\/figure>\n\n\n\n<h2 class=\"wp-block-heading has-text-align-center has-medium-font-size\" style=\"margin-top:var(--wp--preset--spacing--40);margin-bottom:var(--wp--preset--spacing--40)\"><strong><mark style=\"background-color:rgba(0, 0, 0, 0)\" class=\"has-inline-color has-link-color-color\">T<\/mark>ESTING<\/strong><\/h2>\n\n\n\n<p><strong>Unit Testing:<\/strong> Testare singole unit\u00e0 di codice per assicurarsi che funzionino correttamente.<\/p>\n\n\n\n<p><strong>Integration Testing:<\/strong> Verificare che i diversi componenti del sistema funzionino bene insieme.<\/p>\n\n\n\n<p><strong>Beta Testing:<\/strong> Coinvolgere un gruppo selezionato di utenti per testare l&#8217;app in un ambiente reale e raccogliere feedback.<\/p>\n\n\n\n<p><strong>User Acceptance Testing (UAT):<\/strong> Assicurarsi che l&#8217;app soddisfi i requisiti e le aspettative del cliente.<\/p>\n<\/div>\n<\/div>\n<\/div>\n<\/div>\n\n\n\n<hr class=\"wp-block-separator has-text-color has-link-color-color has-alpha-channel-opacity has-link-color-background-color has-background\" style=\"margin-top:var(--wp--preset--spacing--50);margin-bottom:var(--wp--preset--spacing--50)\"\/>\n\n\n\n<h2 class=\"wp-block-heading has-text-align-center has-x-large-font-size\"><mark style=\"background-color:rgba(0, 0, 0, 0)\" class=\"has-inline-color has-link-color-color\">P<\/mark>ROGETTI<\/h2>\n\n\n\n<hr class=\"wp-block-separator has-text-color has-link-color-color has-alpha-channel-opacity has-link-color-background-color has-background\" style=\"margin-top:var(--wp--preset--spacing--50);margin-bottom:var(--wp--preset--spacing--50)\"\/>\n\n\n\n<div class=\"wp-block-group alignfull is-layout-grid wp-container-core-group-is-layout-46c93ac4 wp-block-group-is-layout-grid\" style=\"padding-right:var(--wp--preset--spacing--50);padding-left:var(--wp--preset--spacing--50)\">\n<div class=\"wp-block-ab-animate\" data-scroll-class=\"jackInTheBox\" data-scroll-threshold=\"50\" style=\"animation-duration:2s\">\n<div class=\"wp-block-group has-border-color has-link-color-border-color has-white-background-color has-background is-vertical is-content-justification-center is-layout-flex wp-container-core-group-is-layout-8613f2d2 wp-block-group-is-layout-flex\" style=\"border-width:2px;border-radius:30px;min-height:800px;padding-top:var(--wp--preset--spacing--60);padding-right:var(--wp--preset--spacing--50);padding-bottom:var(--wp--preset--spacing--60);padding-left:var(--wp--preset--spacing--50)\">\n<figure class=\"wp-block-image alignleft size-full is-resized\"><img loading=\"lazy\" decoding=\"async\" width=\"800\" height=\"669\" src=\"https:\/\/new.r4software.it\/wp-content\/uploads\/2024\/12\/6346051_250361.jpg\" alt=\"\" class=\"wp-image-81\" style=\"width:595px\" srcset=\"https:\/\/new.r4software.it\/wp-content\/uploads\/2024\/12\/6346051_250361.jpg 800w, https:\/\/new.r4software.it\/wp-content\/uploads\/2024\/12\/6346051_250361-300x251.jpg 300w, https:\/\/new.r4software.it\/wp-content\/uploads\/2024\/12\/6346051_250361-768x642.jpg 768w\" sizes=\"auto, (max-width: 800px) 100vw, 800px\" \/><\/figure>\n\n\n\n<div class=\"wp-block-group is-layout-constrained wp-block-group-is-layout-constrained\">\n<h2 class=\"wp-block-heading has-text-align-center\"><strong><mark style=\"background-color:rgba(0, 0, 0, 0)\" class=\"has-inline-color has-link-color-color\">V<\/mark>REELY<\/strong><\/h2>\n\n\n\n<p>In <strong>Vree Health<\/strong> (<strong>Vreely<\/strong>), abbiamo sviluppato una rivoluzionaria app per smartphone che consente ai professionisti sanitari di monitorare i pazienti in tempo reale, offrendo un accesso immediato a tutti i dati sanitari essenziali, risultati di laboratorio e storia clinica in un formato digitale.<\/p>\n\n\n\n<p>Questa soluzione integrata semplifica l&#8217;assistenza sanitaria, rendendola pi\u00f9 accessibile e centrata sul paziente, garantendo che le informazioni siano sempre organizzate, sicure e a portata di mano.<\/p>\n\n\n\n<p class=\"has-text-align-center\"><strong>Attivit\u00e0<\/strong>:<strong><br>Integrazione nuove funzionalit\u00e0 App Android\/iOS<br>Integrazione strumenti di misura &nbsp;BLE 4.0<\/strong><\/p>\n<\/div>\n<\/div>\n<\/div>\n\n\n\n<div class=\"wp-block-ab-animate\" data-scroll-class=\"jackInTheBox\" style=\"animation-duration:2s\">\n<div class=\"wp-block-group has-border-color has-link-color-border-color has-white-background-color has-background is-vertical is-content-justification-center is-nowrap is-layout-flex wp-container-core-group-is-layout-d0c164f2 wp-block-group-is-layout-flex\" style=\"border-width:2px;border-radius:30px;min-height:800px;padding-top:var(--wp--preset--spacing--60);padding-right:var(--wp--preset--spacing--50);padding-bottom:var(--wp--preset--spacing--60);padding-left:var(--wp--preset--spacing--50)\">\n<div style=\"height:0px\" aria-hidden=\"true\" class=\"wp-block-spacer wp-container-content-49ec9b39\"><\/div>\n\n\n\n<figure class=\"wp-block-image alignleft size-full is-resized\"><img loading=\"lazy\" decoding=\"async\" width=\"200\" height=\"54\" src=\"https:\/\/new.r4software.it\/wp-content\/uploads\/2024\/12\/cropped-Risorsa-1-8-e1682692321135.png\" alt=\"\" class=\"wp-image-83\" style=\"aspect-ratio:1.21;object-fit:contain;width:600px\"\/><\/figure>\n\n\n\n<div class=\"wp-block-group is-layout-constrained wp-block-group-is-layout-constrained\">\n<h2 class=\"wp-block-heading has-text-align-center\"><strong><mark style=\"background-color:rgba(0, 0, 0, 0)\" class=\"has-inline-color has-link-color-color\">O<\/mark>RAIGO<\/strong><\/h2>\n\n\n\n<p><strong>Oraigo<\/strong> \u00e8 un dispositivo di sicurezza rivoluzionario, specificamente progettato per chi guida veicoli, sia che si tratti di camionisti professionisti, autisti di autobus o semplici pendolari. La sua funzione principale? Monitorare l&#8217;autista e garantire che non si addormenti alla guida.<\/p>\n\n\n\n<p class=\"has-text-align-center\"><strong>Attivit\u00e0<\/strong>:<\/p>\n\n\n\n<p class=\"has-text-align-center\"><strong>Integrazione funzionalit\u00e0 App Android<br>Piattaforma di BackEnd in Laravel.<br>Progettazione RESTFul API<\/strong><\/p>\n<\/div>\n<\/div>\n<\/div>\n<\/div>\n\n\n\n<p><\/p>\n","protected":false},"excerpt":{"rendered":"<p>Il Tuo Partner per lo Sviluppo di App All&#8217;avanguardia Sviluppo di App Mobile Nell&#8217;era digitale, la mobilit\u00e0 \u00e8 tutto. Sviluppiamo applicazioni mobile per iOS e Android, con un focus non solo sulla funzionalit\u00e0, ma anche sull&#8217;estetica e sull&#8217;usabilit\u00e0. Ogni app che creiamo \u00e8 il risultato di ore di riflessione, design e programmazione, assicurando che gli [&hellip;]<\/p>\n","protected":false},"author":1,"featured_media":0,"parent":0,"menu_order":0,"comment_status":"closed","ping_status":"closed","template":"page-templates\/contained-no-title.php","meta":{"footnotes":""},"class_list":["post-11","page","type-page","status-publish","hentry"],"_links":{"self":[{"href":"https:\/\/new.r4software.it\/index.php?rest_route=\/wp\/v2\/pages\/11","targetHints":{"allow":["GET"]}}],"collection":[{"href":"https:\/\/new.r4software.it\/index.php?rest_route=\/wp\/v2\/pages"}],"about":[{"href":"https:\/\/new.r4software.it\/index.php?rest_route=\/wp\/v2\/types\/page"}],"author":[{"embeddable":true,"href":"https:\/\/new.r4software.it\/index.php?rest_route=\/wp\/v2\/users\/1"}],"replies":[{"embeddable":true,"href":"https:\/\/new.r4software.it\/index.php?rest_route=%2Fwp%2Fv2%2Fcomments&post=11"}],"version-history":[{"count":11,"href":"https:\/\/new.r4software.it\/index.php?rest_route=\/wp\/v2\/pages\/11\/revisions"}],"predecessor-version":[{"id":156,"href":"https:\/\/new.r4software.it\/index.php?rest_route=\/wp\/v2\/pages\/11\/revisions\/156"}],"wp:attachment":[{"href":"https:\/\/new.r4software.it\/index.php?rest_route=%2Fwp%2Fv2%2Fmedia&parent=11"}],"curies":[{"name":"wp","href":"https:\/\/api.w.org\/{rel}","templated":true}]}}